{"id":723,"date":"2012-10-27T14:59:12","date_gmt":"2012-10-27T14:59:12","guid":{"rendered":"http:\/\/wp-demo.indonez.com\/Vulcan\/?page_id=723"},"modified":"2015-09-16T13:15:22","modified_gmt":"2015-09-16T13:15:22","slug":"testimonial","status":"publish","type":"page","link":"https:\/\/orlando-ensemble.de\/?page_id=723","title":{"rendered":"Presse"},"content":{"rendered":"<p class=\"western\"><span style=\"font-family: Cambria,serif;\"><span style=\"font-size: medium;\"><span style=\"font-family: Avenir Book,serif;\"><b>CD-Kritik<\/b><\/span><\/span><\/span><\/p>\n<p class=\"western\"><span style=\"font-family: Cambria,serif;\"><span style=\"font-size: medium;\"><span style=\"font-family: Avenir Book,serif;\"><b>Im Kulturradio von Bernhard Morbach: <\/b><\/span><\/span><\/span><\/p>\n<p class=\"western\" align=\"justify\"><span style=\"font-family: Cambria,serif;\"><span style=\"font-size: medium;\"><span style=\"font-family: Avenir Book,serif;\">Kunstvoll ohne K\u00fcnstlichkeit <\/span><\/span><\/span><\/p>\n<p class=\"western\" align=\"justify\"><span style=\"font-family: Cambria,serif;\"><span style=\"font-size: medium;\"><span style=\"font-family: Avenir Book,serif;\">Die klangliche Konfiguration des Ensembles und die Spiel- bzw. Singweise der InterpretInnen korrespondieren vorz\u00fcglich mit den Kompositionen. <\/span><\/span><\/span><\/p>\n<p class=\"western\" align=\"justify\"><span style=\"font-family: Cambria,serif;\"><span style=\"font-size: medium;\"><span style=\"font-family: Avenir Book,serif;\">Im Zusammenhang mit der deutschen Liedkunst um 1600 habe ich einmal den sch\u00f6nen Topos \u00bbDie hohe Kunst\u00ab des Einfachen\u00ab gelesen. <\/span><\/span><\/span><\/p>\n<p class=\"western\"><span style=\"font-family: Cambria,serif;\"><span style=\"font-size: medium;\"><span style=\"font-family: Avenir Book,serif;\">Im Repertoire der vorliegenden CD und dessen eindr\u00fccklicher Interpretation<\/span><\/span><\/span><\/p>\n<p class=\"western\"><span style=\"font-family: Cambria,serif;\"><span style=\"font-size: medium;\"><span style=\"font-family: Avenir Book,serif;\">verwirklicht sich die besondere \u201ehohe Kunst des Einfachen\u201c in vieler Hinsicht.<\/span><\/span><\/span><\/p>\n<p class=\"western\" align=\"justify\"><span style=\"font-family: Cambria,serif;\"><span style=\"font-size: medium;\"><span style=\"font-family: Avenir Book,serif;\">Wer Weihnachtmusik sucht, die bei uns in aller Ohren und Sinne ist, wird eher entt\u00e4uscht sein; aber solches verspricht der Titel ja auch nicht. Nat\u00fcrlich findet sich auch direkt Weihnachtliches auf der CD, jedoch aus territorial und historisch entlegenen Regionen der europ\u00e4ischen Musikgeschichte. Und dieses ist erg\u00e4nzt durch geistliche Musik, der man nur eine Ann\u00e4herung an das Mysterium der Geburt bescheinigen kann, etwa ein wunderbares Marienlied des 13. Jahrhunderts aus dem katalanischen Kloster Montserrat<\/span><span style=\"font-family: Avenir Book,serif;\">. Insgesamt ist die Auswahl sehr geschmackvoll und es ergibt sich insgesamt ein sehr stimmungsvolles Gesamtbild voller interessanter Kontraste, das man durchaus f\u00fcr das Erwecken von Weihnachtsgef\u00fchlen instrumentalisieren kann \u2013 aber nicht muss! <\/span><\/span><\/span><\/p>\n<p class=\"western\" align=\"justify\"><span style=\"font-family: Cambria,serif;\"><span style=\"font-size: medium;\"><span style=\"font-family: Avenir Book,serif;\">Alte Musik vs. Neue Musik<\/span><\/span><\/span><\/p>\n<p class=\"western\" align=\"justify\"><span style=\"font-family: Cambria,serif;\"><span style=\"font-size: medium;\"><span style=\"font-family: Avenir Book,serif;\">Es entspricht einem Trend der Zeit, solche Kontraste zu wagen. Aber dies kann nur dann funktionieren, wenn die jeweilige Neue Musik ein gewisses Ma\u00df an tonaler Bodenhaftung aufweist und wenn sie mit den historischen Instrumenten (insofern sie auf solchen gespielt werden soll) kompositorisch-klanglich korrespondiert. Wie in vielen CDs mit \u00e4hnlichen Grenzg\u00e4ngen, haben auch in der vorliegenden die Komponisten diesem Ensemble ihre neue Musik geradezu auf den Leib geschneidert. Die Korrespondenz alt-neu funktioniert hier auf geradezu idealtypische Weise, was vielleicht auch dem Umstand geschuldet ist, dass aus dem Bereich der Alten Musik (zumeist) v\u00f6llig neu wieder entdecktes \u00bbMaterial\u00ab angeboten wird. Im Grunde begegnen hier als schlicht zwei unterschiedliche \u00bbSpielarten\u00ab der Neuen Musik einander. <\/span><\/span><\/span><\/p>\n<p class=\"western\"><span style=\"font-family: Cambria,serif;\"><span style=\"font-size: medium;\"><span style=\"font-family: Avenir Book,serif;\">Man kann nur hoffen, dass in Zukunft immer mehr Ensembles solche Wege beschreiten.<\/span><\/span><\/span><\/p>\n","protected":false},"excerpt":{"rendered":"<p>CD-Kritik Im Kulturradio von Bernhard Morbach: Kunstvoll ohne K\u00fcnstlichkeit Die klangliche Konfiguration des Ensembles und die Spiel- bzw. Singweise der InterpretInnen korrespondieren vorz\u00fcglich mit den Kompositionen. Im Zusammenhang mit der deutschen Liedkunst um 1600 habe ich einmal den sch\u00f6nen Topos \u00bbDie hohe Kunst\u00ab des Einfachen\u00ab gelesen. Im Repertoire der vorliegenden CD und dessen eindr\u00fccklicher Interpretation [&hellip;]<\/p>\n","protected":false},"author":2,"featured_media":0,"parent":0,"menu_order":0,"comment_status":"open","ping_status":"open","template":"","meta":{"footnotes":""},"class_list":["post-723","page","type-page","status-publish","hentry"],"_links":{"self":[{"href":"https:\/\/orlando-ensemble.de\/index.php?rest_route=\/wp\/v2\/pages\/723","targetHints":{"allow":["GET"]}}],"collection":[{"href":"https:\/\/orlando-ensemble.de\/index.php?rest_route=\/wp\/v2\/pages"}],"about":[{"href":"https:\/\/orlando-ensemble.de\/index.php?rest_route=\/wp\/v2\/types\/page"}],"author":[{"embeddable":true,"href":"https:\/\/orlando-ensemble.de\/index.php?rest_route=\/wp\/v2\/users\/2"}],"replies":[{"embeddable":true,"href":"https:\/\/orlando-ensemble.de\/index.php?rest_route=%2Fwp%2Fv2%2Fcomments&post=723"}],"version-history":[{"count":5,"href":"https:\/\/orlando-ensemble.de\/index.php?rest_route=\/wp\/v2\/pages\/723\/revisions"}],"predecessor-version":[{"id":842,"href":"https:\/\/orlando-ensemble.de\/index.php?rest_route=\/wp\/v2\/pages\/723\/revisions\/842"}],"wp:attachment":[{"href":"https:\/\/orlando-ensemble.de\/index.php?rest_route=%2Fwp%2Fv2%2Fmedia&parent=723"}],"curies":[{"name":"wp","href":"https:\/\/api.w.org\/{rel}","templated":true}]}}