{"id":720,"date":"2010-06-28T20:47:56","date_gmt":"2010-06-28T20:47:56","guid":{"rendered":"http:\/\/wp-demo.indonez.com\/Vulcan\/?page_id=2"},"modified":"2024-03-21T19:00:25","modified_gmt":"2024-03-21T19:00:25","slug":"about","status":"publish","type":"page","link":"https:\/\/orlando-ensemble.de\/?page_id=720","title":{"rendered":"\u00dcber uns"},"content":{"rendered":"<p>&#8222;Die hohe Kunst des Einfachen&#8220; (B. Morbach)<\/p>\n<p>Das Orlando-Ensemble widmet sich insbesondere der Renaissancemusik; sucht aber ebenso nach deren Urspr\u00fcngen im Mittelalter und verfolgt ihre Spuren bis in unsere Zeit hinein.<\/p>\n<p>Mit langj\u00e4hriger Erfahrung und durch vertiefende Besch\u00e4ftigung mit den historischen Quellen versucht das Ensemble, sich dem spezifischen Klangbild der jeweiligen Epoche zu n\u00e4hern.<\/p>\n<p>Dabei steht das improvisatorische Umspielen der klar gef\u00fchrten Gesangsstimme, wie in der fr\u00fchen Musik \u00fcblich, neben fein austarierten mehrstimmigen S\u00e4tzen und barocker Klangpracht. Die r\u00e4umlichen Gegebenheiten werden hierbei in besonderer Weise genutzt.<\/p>\n<p>Ein Schwerpunkt liegt in der Erarbeitung konzeptioneller Programme zu speziellen Themen, wie z.B. aktuell &#8222;Ich w\u00fcrde meine K\u00e4the nicht f\u00fcr Frankreich und Venedig dazu hergeben &#8220; &#8211; ein Portr\u00e4t von Luthers Frau Katharina von Bora.<\/p>\n<p>Die freundschaftliche Verbindung des Ensembles zu mehreren in Deutschland lebenden Komponisten erm\u00f6glicht Urauff\u00fchrungen und Auff\u00fchrungen neuer Werke, die speziell f\u00fcr das Orlando-Ensemble geschrieben wurden. So gelingt es dem Ensemble, einen musikalischen Bogen vom Mittelalter bis in die Gegenwart zu schlagen.<\/p>\n<p class=\"western\"><\/p>\n\n\n<figure class=\"wp-block-image size-large\"><a href=\"https:\/\/orlando-ensemble.de\/wp-content\/uploads\/2024\/03\/In-der-Kirche-scaled.jpg\"><img loading=\"lazy\" decoding=\"async\" width=\"1024\" height=\"768\" src=\"https:\/\/orlando-ensemble.de\/wp-content\/uploads\/2024\/03\/In-der-Kirche-1024x768.jpg\" alt=\"\" class=\"wp-image-1366\" srcset=\"https:\/\/orlando-ensemble.de\/wp-content\/uploads\/2024\/03\/In-der-Kirche-1024x768.jpg 1024w, https:\/\/orlando-ensemble.de\/wp-content\/uploads\/2024\/03\/In-der-Kirche-300x225.jpg 300w, https:\/\/orlando-ensemble.de\/wp-content\/uploads\/2024\/03\/In-der-Kirche-768x576.jpg 768w, https:\/\/orlando-ensemble.de\/wp-content\/uploads\/2024\/03\/In-der-Kirche-1536x1152.jpg 1536w, https:\/\/orlando-ensemble.de\/wp-content\/uploads\/2024\/03\/In-der-Kirche-2048x1536.jpg 2048w, https:\/\/orlando-ensemble.de\/wp-content\/uploads\/2024\/03\/In-der-Kirche-200x150.jpg 200w\" sizes=\"auto, (max-width: 1024px) 100vw, 1024px\" \/><\/a><\/figure>\n\n\n\n<figure class=\"wp-block-image size-large\"><a href=\"https:\/\/orlando-ensemble.de\/wp-content\/uploads\/2024\/03\/OrlandoSpeicher-scaled.jpg\"><img loading=\"lazy\" decoding=\"async\" width=\"1024\" height=\"814\" src=\"https:\/\/orlando-ensemble.de\/wp-content\/uploads\/2024\/03\/OrlandoSpeicher-1024x814.jpg\" alt=\"\" class=\"wp-image-1371\" srcset=\"https:\/\/orlando-ensemble.de\/wp-content\/uploads\/2024\/03\/OrlandoSpeicher-1024x814.jpg 1024w, https:\/\/orlando-ensemble.de\/wp-content\/uploads\/2024\/03\/OrlandoSpeicher-300x238.jpg 300w, https:\/\/orlando-ensemble.de\/wp-content\/uploads\/2024\/03\/OrlandoSpeicher-768x611.jpg 768w, https:\/\/orlando-ensemble.de\/wp-content\/uploads\/2024\/03\/OrlandoSpeicher-1536x1221.jpg 1536w, https:\/\/orlando-ensemble.de\/wp-content\/uploads\/2024\/03\/OrlandoSpeicher-2048x1628.jpg 2048w, https:\/\/orlando-ensemble.de\/wp-content\/uploads\/2024\/03\/OrlandoSpeicher-200x159.jpg 200w\" sizes=\"auto, (max-width: 1024px) 100vw, 1024px\" \/><\/a><\/figure>\n\n\n\n<figure class=\"wp-block-image size-large\"><a href=\"https:\/\/orlando-ensemble.de\/wp-content\/uploads\/2024\/03\/T-K-J-2020-IMG_6348-scaled.jpg\"><img loading=\"lazy\" decoding=\"async\" width=\"1024\" height=\"768\" src=\"https:\/\/orlando-ensemble.de\/wp-content\/uploads\/2024\/03\/T-K-J-2020-IMG_6348-1024x768.jpg\" alt=\"\" class=\"wp-image-1375\" srcset=\"https:\/\/orlando-ensemble.de\/wp-content\/uploads\/2024\/03\/T-K-J-2020-IMG_6348-1024x768.jpg 1024w, https:\/\/orlando-ensemble.de\/wp-content\/uploads\/2024\/03\/T-K-J-2020-IMG_6348-300x225.jpg 300w, https:\/\/orlando-ensemble.de\/wp-content\/uploads\/2024\/03\/T-K-J-2020-IMG_6348-768x576.jpg 768w, https:\/\/orlando-ensemble.de\/wp-content\/uploads\/2024\/03\/T-K-J-2020-IMG_6348-1536x1152.jpg 1536w, https:\/\/orlando-ensemble.de\/wp-content\/uploads\/2024\/03\/T-K-J-2020-IMG_6348-2048x1536.jpg 2048w, https:\/\/orlando-ensemble.de\/wp-content\/uploads\/2024\/03\/T-K-J-2020-IMG_6348-200x150.jpg 200w\" sizes=\"auto, (max-width: 1024px) 100vw, 1024px\" \/><\/a><\/figure>\n\n\n\n<figure class=\"wp-block-image size-large\"><a href=\"https:\/\/orlando-ensemble.de\/wp-content\/uploads\/2024\/03\/presse-aktuell.jpg\"><img loading=\"lazy\" decoding=\"async\" width=\"1024\" height=\"568\" src=\"https:\/\/orlando-ensemble.de\/wp-content\/uploads\/2024\/03\/presse-aktuell-1024x568.jpg\" alt=\"\" class=\"wp-image-1377\" srcset=\"https:\/\/orlando-ensemble.de\/wp-content\/uploads\/2024\/03\/presse-aktuell-1024x568.jpg 1024w, https:\/\/orlando-ensemble.de\/wp-content\/uploads\/2024\/03\/presse-aktuell-300x166.jpg 300w, https:\/\/orlando-ensemble.de\/wp-content\/uploads\/2024\/03\/presse-aktuell-768x426.jpg 768w, https:\/\/orlando-ensemble.de\/wp-content\/uploads\/2024\/03\/presse-aktuell-1536x852.jpg 1536w, https:\/\/orlando-ensemble.de\/wp-content\/uploads\/2024\/03\/presse-aktuell-200x111.jpg 200w, https:\/\/orlando-ensemble.de\/wp-content\/uploads\/2024\/03\/presse-aktuell.jpg 2037w\" sizes=\"auto, (max-width: 1024px) 100vw, 1024px\" \/><\/a><\/figure>\n\n\n\n<figure class=\"wp-block-image size-large\"><a href=\"https:\/\/orlando-ensemble.de\/wp-content\/uploads\/2024\/03\/20223278P828163587-scaled.jpeg\"><img loading=\"lazy\" decoding=\"async\" width=\"1024\" height=\"770\" src=\"https:\/\/orlando-ensemble.de\/wp-content\/uploads\/2024\/03\/20223278P828163587-1024x770.jpeg\" alt=\"\" class=\"wp-image-1380\" srcset=\"https:\/\/orlando-ensemble.de\/wp-content\/uploads\/2024\/03\/20223278P828163587-1024x770.jpeg 1024w, https:\/\/orlando-ensemble.de\/wp-content\/uploads\/2024\/03\/20223278P828163587-300x226.jpeg 300w, https:\/\/orlando-ensemble.de\/wp-content\/uploads\/2024\/03\/20223278P828163587-768x578.jpeg 768w, https:\/\/orlando-ensemble.de\/wp-content\/uploads\/2024\/03\/20223278P828163587-1536x1155.jpeg 1536w, https:\/\/orlando-ensemble.de\/wp-content\/uploads\/2024\/03\/20223278P828163587-2048x1540.jpeg 2048w, https:\/\/orlando-ensemble.de\/wp-content\/uploads\/2024\/03\/20223278P828163587-200x150.jpeg 200w\" sizes=\"auto, (max-width: 1024px) 100vw, 1024px\" \/><\/a><\/figure>\n\n\n\n<figure class=\"wp-block-image size-large\"><a href=\"https:\/\/orlando-ensemble.de\/wp-content\/uploads\/2024\/03\/20223286P828164395-scaled.jpeg\"><img loading=\"lazy\" decoding=\"async\" width=\"1024\" height=\"768\" src=\"https:\/\/orlando-ensemble.de\/wp-content\/uploads\/2024\/03\/20223286P828164395-1024x768.jpeg\" alt=\"\" class=\"wp-image-1381\" srcset=\"https:\/\/orlando-ensemble.de\/wp-content\/uploads\/2024\/03\/20223286P828164395-1024x768.jpeg 1024w, https:\/\/orlando-ensemble.de\/wp-content\/uploads\/2024\/03\/20223286P828164395-300x225.jpeg 300w, https:\/\/orlando-ensemble.de\/wp-content\/uploads\/2024\/03\/20223286P828164395-768x576.jpeg 768w, https:\/\/orlando-ensemble.de\/wp-content\/uploads\/2024\/03\/20223286P828164395-1536x1152.jpeg 1536w, https:\/\/orlando-ensemble.de\/wp-content\/uploads\/2024\/03\/20223286P828164395-2048x1536.jpeg 2048w, https:\/\/orlando-ensemble.de\/wp-content\/uploads\/2024\/03\/20223286P828164395-200x150.jpeg 200w\" sizes=\"auto, (max-width: 1024px) 100vw, 1024px\" \/><\/a><\/figure>\n\n\n\n<figure class=\"wp-block-image size-large\"><a href=\"https:\/\/orlando-ensemble.de\/wp-content\/uploads\/2024\/03\/IMG_3909-scaled.jpeg\"><img loading=\"lazy\" decoding=\"async\" width=\"1024\" height=\"718\" src=\"https:\/\/orlando-ensemble.de\/wp-content\/uploads\/2024\/03\/IMG_3909-1024x718.jpeg\" alt=\"\" class=\"wp-image-1382\" srcset=\"https:\/\/orlando-ensemble.de\/wp-content\/uploads\/2024\/03\/IMG_3909-1024x718.jpeg 1024w, https:\/\/orlando-ensemble.de\/wp-content\/uploads\/2024\/03\/IMG_3909-300x210.jpeg 300w, https:\/\/orlando-ensemble.de\/wp-content\/uploads\/2024\/03\/IMG_3909-768x539.jpeg 768w, https:\/\/orlando-ensemble.de\/wp-content\/uploads\/2024\/03\/IMG_3909-1536x1077.jpeg 1536w, https:\/\/orlando-ensemble.de\/wp-content\/uploads\/2024\/03\/IMG_3909-2048x1436.jpeg 2048w, https:\/\/orlando-ensemble.de\/wp-content\/uploads\/2024\/03\/IMG_3909-200x140.jpeg 200w\" sizes=\"auto, (max-width: 1024px) 100vw, 1024px\" \/><\/a><\/figure>\n\n\n\n<figure class=\"wp-block-image size-large\"><a href=\"https:\/\/orlando-ensemble.de\/wp-content\/uploads\/2024\/03\/Bildschirmfoto-2024-03-21-um-19.54.18.jpeg\"><img loading=\"lazy\" decoding=\"async\" width=\"633\" height=\"1024\" src=\"https:\/\/orlando-ensemble.de\/wp-content\/uploads\/2024\/03\/Bildschirmfoto-2024-03-21-um-19.54.18-633x1024.jpeg\" alt=\"\" class=\"wp-image-1383\" srcset=\"https:\/\/orlando-ensemble.de\/wp-content\/uploads\/2024\/03\/Bildschirmfoto-2024-03-21-um-19.54.18-633x1024.jpeg 633w, https:\/\/orlando-ensemble.de\/wp-content\/uploads\/2024\/03\/Bildschirmfoto-2024-03-21-um-19.54.18-185x300.jpeg 185w, https:\/\/orlando-ensemble.de\/wp-content\/uploads\/2024\/03\/Bildschirmfoto-2024-03-21-um-19.54.18-768x1242.jpeg 768w, https:\/\/orlando-ensemble.de\/wp-content\/uploads\/2024\/03\/Bildschirmfoto-2024-03-21-um-19.54.18-124x200.jpeg 124w, https:\/\/orlando-ensemble.de\/wp-content\/uploads\/2024\/03\/Bildschirmfoto-2024-03-21-um-19.54.18.jpeg 892w\" sizes=\"auto, (max-width: 633px) 100vw, 633px\" \/><\/a><\/figure>\n","protected":false},"excerpt":{"rendered":"<p>&#8222;Die hohe Kunst des Einfachen&#8220; (B. Morbach) Das Orlando-Ensemble widmet sich insbesondere der Renaissancemusik; sucht aber ebenso nach deren Urspr\u00fcngen im Mittelalter und verfolgt ihre Spuren bis in unsere Zeit hinein. Mit langj\u00e4hriger Erfahrung und durch vertiefende Besch\u00e4ftigung mit den historischen Quellen versucht das Ensemble, sich dem spezifischen Klangbild der jeweiligen Epoche zu n\u00e4hern. Dabei [&hellip;]<\/p>\n","protected":false},"author":2,"featured_media":0,"parent":0,"menu_order":0,"comment_status":"open","ping_status":"closed","template":"","meta":{"footnotes":""},"class_list":["post-720","page","type-page","status-publish","hentry"],"_links":{"self":[{"href":"https:\/\/orlando-ensemble.de\/index.php?rest_route=\/wp\/v2\/pages\/720","targetHints":{"allow":["GET"]}}],"collection":[{"href":"https:\/\/orlando-ensemble.de\/index.php?rest_route=\/wp\/v2\/pages"}],"about":[{"href":"https:\/\/orlando-ensemble.de\/index.php?rest_route=\/wp\/v2\/types\/page"}],"author":[{"embeddable":true,"href":"https:\/\/orlando-ensemble.de\/index.php?rest_route=\/wp\/v2\/users\/2"}],"replies":[{"embeddable":true,"href":"https:\/\/orlando-ensemble.de\/index.php?rest_route=%2Fwp%2Fv2%2Fcomments&post=720"}],"version-history":[{"count":9,"href":"https:\/\/orlando-ensemble.de\/index.php?rest_route=\/wp\/v2\/pages\/720\/revisions"}],"predecessor-version":[{"id":1384,"href":"https:\/\/orlando-ensemble.de\/index.php?rest_route=\/wp\/v2\/pages\/720\/revisions\/1384"}],"wp:attachment":[{"href":"https:\/\/orlando-ensemble.de\/index.php?rest_route=%2Fwp%2Fv2%2Fmedia&parent=720"}],"curies":[{"name":"wp","href":"https:\/\/api.w.org\/{rel}","templated":true}]}}